{"id":4964,"date":"2025-03-19T10:46:08","date_gmt":"2025-03-19T10:46:08","guid":{"rendered":"https:\/\/www.csj.pt\/know-how\/"},"modified":"2025-07-01T16:22:06","modified_gmt":"2025-07-01T15:22:06","slug":"know-how","status":"publish","type":"page","link":"https:\/\/www.csj.pt\/es\/know-how\/","title":{"rendered":"Conocimiento"},"content":{"rendered":"\t\t<div data-elementor-type=\"wp-page\" data-elementor-id=\"4964\" class=\"elementor elementor-4964 elementor-720\" data-elementor-post-type=\"page\">\n\t\t\t\t<div class=\"elementor-element elementor-element-8dfaa6c linhas e-flex e-con-boxed e-con e-parent\" data-id=\"8dfaa6c\" data-element_type=\"container\" data-settings=\"{&quot;jet_parallax_layout_list&quot;:[],&quot;background_background&quot;:&quot;classic&quot;}\">\n\t\t\t\t\t<div class=\"e-con-inner\">\n\t\t<div class=\"elementor-element elementor-element-23cd4bf e-con-full e-flex e-con e-child\" data-id=\"23cd4bf\" data-element_type=\"container\" data-settings=\"{&quot;jet_parallax_layout_list&quot;:[]}\">\n\t\t\t\t<div class=\"elementor-element elementor-element-852ec40 elementor-widget elementor-widget-text-editor\" data-id=\"852ec40\" data-element_type=\"widget\" data-settings=\"{&quot;motion_fx_motion_fx_scrolling&quot;:&quot;yes&quot;,&quot;motion_fx_translateX_effect&quot;:&quot;yes&quot;,&quot;motion_fx_translateX_affectedRange&quot;:{&quot;unit&quot;:&quot;%&quot;,&quot;size&quot;:&quot;&quot;,&quot;sizes&quot;:{&quot;start&quot;:0,&quot;end&quot;:51}},&quot;motion_fx_translateX_speed&quot;:{&quot;unit&quot;:&quot;px&quot;,&quot;size&quot;:4,&quot;sizes&quot;:[]},&quot;motion_fx_devices&quot;:[&quot;desktop&quot;,&quot;tablet&quot;,&quot;mobile&quot;]}\" data-widget_type=\"text-editor.default\">\n\t\t\t\t<div class=\"elementor-widget-container\">\n\t\t\t\t\t\t\t\t\t<p>En el <b>GRUPO CSJ<\/b> ponemos empe\u00f1o para ofrecer <b>soluciones innovadoras, sustentables y optimizadas<\/b>, asegurando siempre los <b>m\u00e1s altos est\u00e1ndares de calidad<\/b> y un <b>excelente servicio al cliente<\/b>.<\/p>\n<p>Contamos con un <b>equipo de m\u00e1s de 200 profesionales calificados<\/b>, lo que nos permite ofrecer un <b>servicio completo<\/b> que abarca todas las fases del proceso, desde el <b>desarrollo t\u00e9cnico<\/b> hasta la <b>producci\u00f3n<\/b>, <b>montaje<\/b> y <b>servicio post-venta<\/b>.<\/p>\n<p>Operamos en <b>35.500 m\u00b2 de \u00e1rea total<\/b>, donde combinamos las t<b>ecnolog\u00edas y m\u00e9todos de producci\u00f3n mas avanzados<\/b> con la <b>precisi\u00f3n del trabajo artesanal<\/b>, garantizando soluciones sobresalientes y a la medida de cada cliente.<\/p>\t\t\t\t\t\t\t\t<\/div>\n\t\t\t\t<\/div>\n\t\t\t\t<\/div>\n\t\t\t\t\t<\/div>\n\t\t\t\t<\/div>\n\t\t<div class=\"elementor-element elementor-element-5b85a12 e-flex e-con-boxed e-con e-parent\" data-id=\"5b85a12\" data-element_type=\"container\" data-settings=\"{&quot;jet_parallax_layout_list&quot;:[]}\">\n\t\t\t\t\t<div class=\"e-con-inner\">\n\t\t\t\t<div class=\"elementor-element elementor-element-b363e0f elementor-arrows-position-inside elementor-pagination-position-outside elementor-widget elementor-widget-image-carousel\" data-id=\"b363e0f\" data-element_type=\"widget\" data-settings=\"{&quot;slides_to_show&quot;:&quot;1&quot;,&quot;navigation&quot;:&quot;both&quot;,&quot;autoplay&quot;:&quot;yes&quot;,&quot;pause_on_hover&quot;:&quot;yes&quot;,&quot;pause_on_interaction&quot;:&quot;yes&quot;,&quot;autoplay_speed&quot;:5000,&quot;infinite&quot;:&quot;yes&quot;,&quot;effect&quot;:&quot;slide&quot;,&quot;speed&quot;:500}\" data-widget_type=\"image-carousel.default\">\n\t\t\t\t<div class=\"elementor-widget-container\">\n\t\t\t\t\t\t\t<div class=\"elementor-image-carousel-wrapper swiper\" role=\"region\" aria-roledescription=\"carousel\" aria-label=\"Carrossel de imagens\" dir=\"ltr\">\n\t\t\t<div class=\"elementor-image-carousel swiper-wrapper swiper-image-stretch\" aria-live=\"off\">\n\t\t\t\t\t\t\t\t<div class=\"swiper-slide\" role=\"group\" aria-roledescription=\"slide\" aria-label=\"1 de 20\"><figure class=\"swiper-slide-inner\"><img decoding=\"async\" class=\"swiper-slide-image\" src=\"https:\/\/www.csj.pt\/wp-content\/uploads\/know-how-Csj1.jpg\" alt=\"know-how-Csj1\" \/><\/figure><\/div><div class=\"swiper-slide\" role=\"group\" aria-roledescription=\"slide\" aria-label=\"2 de 20\"><figure class=\"swiper-slide-inner\"><img decoding=\"async\" class=\"swiper-slide-image\" src=\"https:\/\/www.csj.pt\/wp-content\/uploads\/CSJ-1.jpg\" alt=\"CSJ\" \/><\/figure><\/div><div class=\"swiper-slide\" role=\"group\" aria-roledescription=\"slide\" aria-label=\"3 de 20\"><figure class=\"swiper-slide-inner\"><img decoding=\"async\" class=\"swiper-slide-image\" src=\"https:\/\/www.csj.pt\/wp-content\/uploads\/know-how-Csj3.jpg\" alt=\"know-how-Csj3\" \/><\/figure><\/div><div class=\"swiper-slide\" role=\"group\" aria-roledescription=\"slide\" aria-label=\"4 de 20\"><figure class=\"swiper-slide-inner\"><img decoding=\"async\" class=\"swiper-slide-image\" src=\"https:\/\/www.csj.pt\/wp-content\/uploads\/know-how-Csj4.jpg\" alt=\"know-how-Csj4\" \/><\/figure><\/div><div class=\"swiper-slide\" role=\"group\" aria-roledescription=\"slide\" aria-label=\"5 de 20\"><figure class=\"swiper-slide-inner\"><img decoding=\"async\" class=\"swiper-slide-image\" src=\"https:\/\/www.csj.pt\/wp-content\/uploads\/know-how-Csj5.jpg\" alt=\"know-how-Csj5\" \/><\/figure><\/div><div class=\"swiper-slide\" role=\"group\" aria-roledescription=\"slide\" aria-label=\"6 de 20\"><figure class=\"swiper-slide-inner\"><img decoding=\"async\" class=\"swiper-slide-image\" src=\"https:\/\/www.csj.pt\/wp-content\/uploads\/know-how-Csj6.jpg\" alt=\"know-how-Csj6\" \/><\/figure><\/div><div class=\"swiper-slide\" role=\"group\" aria-roledescription=\"slide\" aria-label=\"7 de 20\"><figure class=\"swiper-slide-inner\"><img decoding=\"async\" class=\"swiper-slide-image\" src=\"https:\/\/www.csj.pt\/wp-content\/uploads\/know-how-Csj7.jpg\" alt=\"know-how-Csj7\" \/><\/figure><\/div><div class=\"swiper-slide\" role=\"group\" aria-roledescription=\"slide\" aria-label=\"8 de 20\"><figure class=\"swiper-slide-inner\"><img decoding=\"async\" class=\"swiper-slide-image\" src=\"https:\/\/www.csj.pt\/wp-content\/uploads\/know-how-Csj8.jpg\" alt=\"know-how-Csj8\" \/><\/figure><\/div><div class=\"swiper-slide\" role=\"group\" aria-roledescription=\"slide\" aria-label=\"9 de 20\"><figure class=\"swiper-slide-inner\"><img decoding=\"async\" class=\"swiper-slide-image\" src=\"https:\/\/www.csj.pt\/wp-content\/uploads\/know-how-Csj9.jpg\" alt=\"know-how-Csj9\" \/><\/figure><\/div><div class=\"swiper-slide\" role=\"group\" aria-roledescription=\"slide\" aria-label=\"10 de 20\"><figure class=\"swiper-slide-inner\"><img decoding=\"async\" class=\"swiper-slide-image\" src=\"https:\/\/www.csj.pt\/wp-content\/uploads\/know-how-Csj10.jpg\" alt=\"know-how-Csj10\" \/><\/figure><\/div><div class=\"swiper-slide\" role=\"group\" aria-roledescription=\"slide\" aria-label=\"11 de 20\"><figure class=\"swiper-slide-inner\"><img decoding=\"async\" class=\"swiper-slide-image\" src=\"https:\/\/www.csj.pt\/wp-content\/uploads\/CSJ23.jpg\" alt=\"CSJ23\" \/><\/figure><\/div><div class=\"swiper-slide\" role=\"group\" aria-roledescription=\"slide\" aria-label=\"12 de 20\"><figure class=\"swiper-slide-inner\"><img decoding=\"async\" class=\"swiper-slide-image\" src=\"https:\/\/www.csj.pt\/wp-content\/uploads\/know-how-Csj11.jpg\" alt=\"know-how-Csj11\" \/><\/figure><\/div><div class=\"swiper-slide\" role=\"group\" aria-roledescription=\"slide\" aria-label=\"13 de 20\"><figure class=\"swiper-slide-inner\"><img decoding=\"async\" class=\"swiper-slide-image\" src=\"https:\/\/www.csj.pt\/wp-content\/uploads\/know-how-Csj12.jpg\" alt=\"know-how-Csj12\" \/><\/figure><\/div><div class=\"swiper-slide\" role=\"group\" aria-roledescription=\"slide\" aria-label=\"14 de 20\"><figure class=\"swiper-slide-inner\"><img decoding=\"async\" class=\"swiper-slide-image\" src=\"https:\/\/www.csj.pt\/wp-content\/uploads\/know-how-Csj13.jpg\" alt=\"know-how-Csj13\" \/><\/figure><\/div><div class=\"swiper-slide\" role=\"group\" aria-roledescription=\"slide\" aria-label=\"15 de 20\"><figure class=\"swiper-slide-inner\"><img decoding=\"async\" class=\"swiper-slide-image\" src=\"https:\/\/www.csj.pt\/wp-content\/uploads\/know-how-Csj14.jpg\" alt=\"know-how-Csj14\" \/><\/figure><\/div><div class=\"swiper-slide\" role=\"group\" aria-roledescription=\"slide\" aria-label=\"16 de 20\"><figure class=\"swiper-slide-inner\"><img decoding=\"async\" class=\"swiper-slide-image\" src=\"https:\/\/www.csj.pt\/wp-content\/uploads\/CSJ22.jpg\" alt=\"CSJ22\" \/><\/figure><\/div><div class=\"swiper-slide\" role=\"group\" aria-roledescription=\"slide\" aria-label=\"17 de 20\"><figure class=\"swiper-slide-inner\"><img decoding=\"async\" class=\"swiper-slide-image\" src=\"https:\/\/www.csj.pt\/wp-content\/uploads\/know-how-Csj15.jpg\" alt=\"know-how-Csj15\" \/><\/figure><\/div><div class=\"swiper-slide\" role=\"group\" aria-roledescription=\"slide\" aria-label=\"18 de 20\"><figure class=\"swiper-slide-inner\"><img decoding=\"async\" class=\"swiper-slide-image\" src=\"https:\/\/www.csj.pt\/wp-content\/uploads\/know-how-Csj16.jpg\" alt=\"know-how-Csj16\" \/><\/figure><\/div><div class=\"swiper-slide\" role=\"group\" aria-roledescription=\"slide\" aria-label=\"19 de 20\"><figure class=\"swiper-slide-inner\"><img decoding=\"async\" class=\"swiper-slide-image\" src=\"https:\/\/www.csj.pt\/wp-content\/uploads\/know-how-Csj17.jpg\" alt=\"know-how-Csj17\" \/><\/figure><\/div><div class=\"swiper-slide\" role=\"group\" aria-roledescription=\"slide\" aria-label=\"20 de 20\"><figure class=\"swiper-slide-inner\"><img decoding=\"async\" class=\"swiper-slide-image\" src=\"https:\/\/www.csj.pt\/wp-content\/uploads\/25.jpg\" alt=\"25\" \/><\/figure><\/div>\t\t\t<\/div>\n\t\t\t\t\t\t\t\t\t\t\t\t<div class=\"elementor-swiper-button elementor-swiper-button-prev\" role=\"button\" tabindex=\"0\">\n\t\t\t\t\t\t<svg xmlns=\"http:\/\/www.w3.org\/2000\/svg\" id=\"Layer_1\" viewBox=\"0 0 52.9 100.1\"><path d=\"M52,.8C51.5.3,50.7,0,50,0c-.8,0-1.5.3-2,.8L.8,48c-1.1,1.1-1.1,2.9,0,4,0,0,0,0,0,0l47.2,47.2c1.1,1.1,2.9,1.2,4,.1s1.2-2.9.1-4c0,0,0,0-.1-.1L6.8,50,52,4.8c1.1-1.1,1.1-2.9,0-4,0,0,0,0,0,0Z\"><\/path><\/svg>\t\t\t\t\t<\/div>\n\t\t\t\t\t<div class=\"elementor-swiper-button elementor-swiper-button-next\" role=\"button\" tabindex=\"0\">\n\t\t\t\t\t\t<svg xmlns=\"http:\/\/www.w3.org\/2000\/svg\" id=\"Layer_1\" viewBox=\"0 0 52.9 100.1\"><path d=\"M.9,99.2c.5.5,1.2.8,2,.8.8,0,1.5-.3,2-.8l47.2-47.2c1.1-1.1,1.1-2.9,0-4,0,0,0,0,0,0L4.9.9C3.8-.2,2-.3.9.8s-1.2,2.9-.1,4c0,0,0,0,.1.1l45.2,45.2L.9,95.2c-1.1,1.1-1.1,2.9,0,4,0,0,0,0,0,0Z\"><\/path><\/svg>\t\t\t\t\t<\/div>\n\t\t\t\t\n\t\t\t\t\t\t\t\t\t<div class=\"swiper-pagination\"><\/div>\n\t\t\t\t\t\t\t\t\t<\/div>\n\t\t\t\t\t\t<\/div>\n\t\t\t\t<\/div>\n\t\t\t\t\t<\/div>\n\t\t\t\t<\/div>\n\t\t<div class=\"elementor-element elementor-element-5cf9180 linhas e-flex e-con-boxed e-con e-parent\" data-id=\"5cf9180\" data-element_type=\"container\" data-settings=\"{&quot;jet_parallax_layout_list&quot;:[],&quot;background_background&quot;:&quot;classic&quot;}\">\n\t\t\t\t\t<div class=\"e-con-inner\">\n\t\t<div class=\"elementor-element elementor-element-0354707 e-con-full e-flex e-con e-child\" data-id=\"0354707\" data-element_type=\"container\" data-settings=\"{&quot;jet_parallax_layout_list&quot;:[]}\">\n\t\t\t\t<div class=\"elementor-element elementor-element-c8c9f58 elementor-widget elementor-widget-heading\" data-id=\"c8c9f58\" data-element_type=\"widget\" data-widget_type=\"heading.default\">\n\t\t\t\t<div class=\"elementor-widget-container\">\n\t\t\t\t\t<h2 class=\"elementor-heading-title elementor-size-default\">PRODUCCI\u00d3N<\/h2>\t\t\t\t<\/div>\n\t\t\t\t<\/div>\n\t\t\t\t<div class=\"elementor-element elementor-element-e096062 elementor-widget elementor-widget-text-editor\" data-id=\"e096062\" data-element_type=\"widget\" data-settings=\"{&quot;motion_fx_motion_fx_scrolling&quot;:&quot;yes&quot;,&quot;motion_fx_translateX_effect&quot;:&quot;yes&quot;,&quot;motion_fx_translateX_affectedRange&quot;:{&quot;unit&quot;:&quot;%&quot;,&quot;size&quot;:&quot;&quot;,&quot;sizes&quot;:{&quot;start&quot;:0,&quot;end&quot;:51}},&quot;motion_fx_translateX_speed&quot;:{&quot;unit&quot;:&quot;px&quot;,&quot;size&quot;:4,&quot;sizes&quot;:[]},&quot;motion_fx_devices&quot;:[&quot;desktop&quot;,&quot;tablet&quot;,&quot;mobile&quot;]}\" data-widget_type=\"text-editor.default\">\n\t\t\t\t<div class=\"elementor-widget-container\">\n\t\t\t\t\t\t\t\t\t<p>En el Groupo CSJ el <b>proceso productivo<\/b> est\u00e1 cuidadosamente estructurado para asegurar la m\u00e1xima calidad en cada etapa. Incluye la <b>producci\u00f3n<\/b>, el <b>premontaje<\/b>, el <b>control<\/b> <b>de calidad<\/b> y el <b>embalaje<\/b>, garantizando que todos los productos cumplan con nuestros exigentes est\u00e1ndares de calidad antes de ser enviados.  <\/p>\t\t\t\t\t\t\t\t<\/div>\n\t\t\t\t<\/div>\n\t\t\t\t<\/div>\n\t\t\t\t\t<\/div>\n\t\t\t\t<\/div>\n\t\t<div class=\"elementor-element elementor-element-158ad80 e-flex e-con-boxed e-con e-parent\" data-id=\"158ad80\" data-element_type=\"container\" data-settings=\"{&quot;jet_parallax_layout_list&quot;:[]}\">\n\t\t\t\t\t<div class=\"e-con-inner\">\n\t\t\t\t<div class=\"elementor-element elementor-element-8d6e0bc elementor-widget elementor-widget-image\" data-id=\"8d6e0bc\" data-element_type=\"widget\" data-widget_type=\"image.default\">\n\t\t\t\t<div class=\"elementor-widget-container\">\n\t\t\t\t\t\t\t\t\t\t\t\t\t\t\t<img fetchpriority=\"high\" decoding=\"async\" width=\"770\" height=\"600\" src=\"https:\/\/www.csj.pt\/wp-content\/uploads\/CSJ_-1ES.jpg\" class=\"elementor-animation-shrink attachment-full size-full wp-image-4967\" alt=\"\" \/>\t\t\t\t\t\t\t\t\t\t\t\t\t\t\t<\/div>\n\t\t\t\t<\/div>\n\t\t\t\t<div class=\"elementor-element elementor-element-61a4b0d elementor-widget elementor-widget-image\" data-id=\"61a4b0d\" data-element_type=\"widget\" data-widget_type=\"image.default\">\n\t\t\t\t<div class=\"elementor-widget-container\">\n\t\t\t\t\t\t\t\t\t\t\t\t\t\t\t<img decoding=\"async\" width=\"770\" height=\"950\" src=\"https:\/\/www.csj.pt\/wp-content\/uploads\/CSJ_1Dir.jpg\" class=\"elementor-animation-shrink attachment-large size-large wp-image-4968\" alt=\"\" \/>\t\t\t\t\t\t\t\t\t\t\t\t\t\t\t<\/div>\n\t\t\t\t<\/div>\n\t\t\t\t\t<\/div>\n\t\t\t\t<\/div>\n\t\t<div class=\"elementor-element elementor-element-0013db5 e-flex e-con-boxed e-con e-parent\" data-id=\"0013db5\" data-element_type=\"container\" data-settings=\"{&quot;jet_parallax_layout_list&quot;:[]}\">\n\t\t\t\t\t<div class=\"e-con-inner\">\n\t\t\t\t<div class=\"elementor-element elementor-element-120bc80 elementor-widget elementor-widget-image\" data-id=\"120bc80\" data-element_type=\"widget\" data-widget_type=\"image.default\">\n\t\t\t\t<div class=\"elementor-widget-container\">\n\t\t\t\t\t\t\t\t\t\t\t\t\t\t\t<img decoding=\"async\" width=\"770\" height=\"950\" src=\"https:\/\/www.csj.pt\/wp-content\/uploads\/CSJ_2ES.jpg\" class=\"elementor-animation-shrink attachment-full size-full wp-image-4969\" alt=\"\" \/>\t\t\t\t\t\t\t\t\t\t\t\t\t\t\t<\/div>\n\t\t\t\t<\/div>\n\t\t\t\t<div class=\"elementor-element elementor-element-4328404 elementor-widget elementor-widget-image\" data-id=\"4328404\" data-element_type=\"widget\" data-widget_type=\"image.default\">\n\t\t\t\t<div class=\"elementor-widget-container\">\n\t\t\t\t\t\t\t\t\t\t\t\t\t\t\t<img loading=\"lazy\" decoding=\"async\" width=\"770\" height=\"600\" src=\"https:\/\/www.csj.pt\/wp-content\/uploads\/CSJ_2Dir.jpg\" class=\"elementor-animation-shrink attachment-large size-large wp-image-4970\" alt=\"\" \/>\t\t\t\t\t\t\t\t\t\t\t\t\t\t\t<\/div>\n\t\t\t\t<\/div>\n\t\t\t\t\t<\/div>\n\t\t\t\t<\/div>\n\t\t<div class=\"elementor-element elementor-element-50c8a80 e-flex e-con-boxed e-con e-parent\" data-id=\"50c8a80\" data-element_type=\"container\" data-settings=\"{&quot;jet_parallax_layout_list&quot;:[]}\">\n\t\t\t\t\t<div class=\"e-con-inner\">\n\t\t<div class=\"elementor-element elementor-element-1a3a78f e-con-full e-flex e-con e-child\" data-id=\"1a3a78f\" data-element_type=\"container\" data-settings=\"{&quot;jet_parallax_layout_list&quot;:[]}\">\n\t\t\t\t<div class=\"elementor-element elementor-element-2cee870 elementor-widget elementor-widget-heading\" data-id=\"2cee870\" data-element_type=\"widget\" data-widget_type=\"heading.default\">\n\t\t\t\t<div class=\"elementor-widget-container\">\n\t\t\t\t\t<h2 class=\"elementor-heading-title elementor-size-default\">MATERIALES<\/h2>\t\t\t\t<\/div>\n\t\t\t\t<\/div>\n\t\t\t\t<div class=\"elementor-element elementor-element-ea6d4d2 elementor-widget elementor-widget-text-editor\" data-id=\"ea6d4d2\" data-element_type=\"widget\" data-widget_type=\"text-editor.default\">\n\t\t\t\t<div class=\"elementor-widget-container\">\n\t\t\t\t\t\t\t\t\t<p>En el Grupo CSJ, transformamos la complejidad de los materiales en soluciones de dise\u00f1o integradas, ofreciendo ambientes personalizados que combinan innovaci\u00f3n, funcionalidad y elegancia. Nuestra experiencia y capacidad t\u00e9cnica nos permiten trabajar con una amplia gama de materiales, lo que nos <b>convierte en socios ideales para proyectos de alta exigencia t\u00e9cnica y est\u00e9tica.<\/b> <\/p><p>En el Grupo CSJ, cada proyecto se desarrolla con un enfoque integrado, en el que la innovaci\u00f3n y el dominio t\u00e9cnico se al\u00edan para garantizar resultados a la altura de los requisitos de nuestros clientes.<\/p>\t\t\t\t\t\t\t\t<\/div>\n\t\t\t\t<\/div>\n\t\t\t\t<\/div>\n\t\t\t\t\t<\/div>\n\t\t\t\t<\/div>\n\t\t<div class=\"elementor-element elementor-element-a119958 e-flex e-con-boxed e-con e-parent\" data-id=\"a119958\" data-element_type=\"container\" data-settings=\"{&quot;jet_parallax_layout_list&quot;:[]}\">\n\t\t\t\t\t<div class=\"e-con-inner\">\n\t\t\t\t<div class=\"elementor-element elementor-element-3fa0991 elementor-widget elementor-widget-image\" data-id=\"3fa0991\" data-element_type=\"widget\" data-widget_type=\"image.default\">\n\t\t\t\t<div class=\"elementor-widget-container\">\n\t\t\t\t\t\t\t\t\t\t\t\t\t\t\t<img loading=\"lazy\" decoding=\"async\" width=\"770\" height=\"950\" src=\"https:\/\/www.csj.pt\/wp-content\/uploads\/CSJ_3ES-1.jpg\" class=\"elementor-animation-shrink attachment-full size-full wp-image-4978\" alt=\"\" \/>\t\t\t\t\t\t\t\t\t\t\t\t\t\t\t<\/div>\n\t\t\t\t<\/div>\n\t\t\t\t<div class=\"elementor-element elementor-element-e28b1ff elementor-widget elementor-widget-image\" data-id=\"e28b1ff\" data-element_type=\"widget\" data-widget_type=\"image.default\">\n\t\t\t\t<div class=\"elementor-widget-container\">\n\t\t\t\t\t\t\t\t\t\t\t\t\t\t\t<img loading=\"lazy\" decoding=\"async\" width=\"770\" height=\"600\" src=\"https:\/\/www.csj.pt\/wp-content\/uploads\/CSJ_03Dir-1.jpg\" class=\"elementor-animation-shrink attachment-large size-large wp-image-4979\" alt=\"\" \/>\t\t\t\t\t\t\t\t\t\t\t\t\t\t\t<\/div>\n\t\t\t\t<\/div>\n\t\t\t\t\t<\/div>\n\t\t\t\t<\/div>\n\t\t<div class=\"elementor-element elementor-element-e277761 e-flex e-con-boxed e-con e-parent\" data-id=\"e277761\" data-element_type=\"container\" data-settings=\"{&quot;jet_parallax_layout_list&quot;:[]}\">\n\t\t\t\t\t<div class=\"e-con-inner\">\n\t\t\t\t<div class=\"elementor-element elementor-element-3594134 elementor-invisible elementor-widget elementor-widget-image\" data-id=\"3594134\" data-element_type=\"widget\" data-settings=\"{&quot;_animation&quot;:&quot;fadeIn&quot;,&quot;_animation_delay&quot;:500}\" data-widget_type=\"image.default\">\n\t\t\t\t<div class=\"elementor-widget-container\">\n\t\t\t\t\t\t\t\t\t\t\t\t\t\t\t<img loading=\"lazy\" decoding=\"async\" width=\"770\" height=\"950\" src=\"https:\/\/www.csj.pt\/wp-content\/uploads\/CSJ_4Dir-1.jpg\" class=\"elementor-animation-shrink attachment-full size-full wp-image-4981\" alt=\"\" \/>\t\t\t\t\t\t\t\t\t\t\t\t\t\t\t<\/div>\n\t\t\t\t<\/div>\n\t\t\t\t<div class=\"elementor-element elementor-element-459bd17 elementor-invisible elementor-widget elementor-widget-image\" data-id=\"459bd17\" data-element_type=\"widget\" data-settings=\"{&quot;_animation&quot;:&quot;fadeIn&quot;,&quot;_animation_delay&quot;:500}\" data-widget_type=\"image.default\">\n\t\t\t\t<div class=\"elementor-widget-container\">\n\t\t\t\t\t\t\t\t\t\t\t\t\t\t\t<img loading=\"lazy\" decoding=\"async\" width=\"770\" height=\"600\" src=\"https:\/\/www.csj.pt\/wp-content\/uploads\/CSJ_4ES-1.jpg\" class=\"elementor-animation-shrink attachment-full size-full wp-image-4980\" alt=\"\" \/>\t\t\t\t\t\t\t\t\t\t\t\t\t\t\t<\/div>\n\t\t\t\t<\/div>\n\t\t\t\t\t<\/div>\n\t\t\t\t<\/div>\n\t\t<div class=\"elementor-element elementor-element-52d6594 e-flex e-con-boxed e-con e-parent\" data-id=\"52d6594\" data-element_type=\"container\" data-settings=\"{&quot;jet_parallax_layout_list&quot;:[]}\">\n\t\t\t\t\t<div class=\"e-con-inner\">\n\t\t<div class=\"elementor-element elementor-element-f7b8091 e-con-full e-flex e-con e-child\" data-id=\"f7b8091\" data-element_type=\"container\" data-settings=\"{&quot;jet_parallax_layout_list&quot;:[]}\">\n\t\t\t\t<div class=\"elementor-element elementor-element-f6c29c1 elementor-widget elementor-widget-text-editor\" data-id=\"f6c29c1\" data-element_type=\"widget\" data-widget_type=\"text-editor.default\">\n\t\t\t\t<div class=\"elementor-widget-container\">\n\t\t\t\t\t\t\t\t\t<p>La colaboraci\u00f3n con el Grupo CSJ no termina con la instalaci\u00f3n del proyecto in situ, sino que es precisamente ah\u00ed donde comienza una nueva fase de nuestro compromiso. Seguimos de cerca la evoluci\u00f3n de cada obra, garantizando un apoyo t\u00e9cnico permanente y especializado siempre que sea necesario. <\/p>\n<p>Nuestro equipo est\u00e1 preparado para garantizar todas las intervenciones de mantenimiento preventivo y correctivo, con el objetivo de preservar la funcionalidad, la est\u00e9tica y la durabilidad de los espacios a lo largo del tiempo. Esta proximidad nos permite responder con rapidez y eficiencia a cualquier solicitud, reforzando la confianza y la tranquilidad de nuestros clientes mucho m\u00e1s all\u00e1 de la finalizaci\u00f3n del proyecto. <\/p>\n<p><b>Con el Grupo CSJ el servicio es completo: desde la preparaci\u00f3n hasta la instalaci\u00f3n, y desde la instalaci\u00f3n hasta el servicio post-venta.<\/b><\/p>\t\t\t\t\t\t\t\t<\/div>\n\t\t\t\t<\/div>\n\t\t\t\t<\/div>\n\t\t\t\t\t<\/div>\n\t\t\t\t<\/div>\n\t\t\t\t<\/div>\n\t\t","protected":false},"excerpt":{"rendered":"<p>En el GRUPO CSJ ponemos empe\u00f1o para ofrecer soluciones innovadoras, sustentables y optimizadas, asegurando siempre los m\u00e1s altos est\u00e1ndares de calidad y un excelente servicio al cliente. Contamos con un equipo de m\u00e1s de 200 profesionales calificados, lo que nos permite ofrecer un servicio completo que abarca todas las fases del proceso, desde el desarrollo [&hellip;]<\/p>\n","protected":false},"author":1,"featured_media":4965,"parent":0,"menu_order":0,"comment_status":"closed","ping_status":"closed","template":"","meta":{"inline_featured_image":false,"footnotes":""},"class_list":["post-4964","page","type-page","status-publish","has-post-thumbnail","hentry"],"_links":{"self":[{"href":"https:\/\/www.csj.pt\/es\/wp-json\/wp\/v2\/pages\/4964","targetHints":{"allow":["GET"]}}],"collection":[{"href":"https:\/\/www.csj.pt\/es\/wp-json\/wp\/v2\/pages"}],"about":[{"href":"https:\/\/www.csj.pt\/es\/wp-json\/wp\/v2\/types\/page"}],"author":[{"embeddable":true,"href":"https:\/\/www.csj.pt\/es\/wp-json\/wp\/v2\/users\/1"}],"replies":[{"embeddable":true,"href":"https:\/\/www.csj.pt\/es\/wp-json\/wp\/v2\/comments?post=4964"}],"version-history":[{"count":6,"href":"https:\/\/www.csj.pt\/es\/wp-json\/wp\/v2\/pages\/4964\/revisions"}],"predecessor-version":[{"id":5599,"href":"https:\/\/www.csj.pt\/es\/wp-json\/wp\/v2\/pages\/4964\/revisions\/5599"}],"wp:featuredmedia":[{"embeddable":true,"href":"https:\/\/www.csj.pt\/es\/wp-json\/wp\/v2\/media\/4965"}],"wp:attachment":[{"href":"https:\/\/www.csj.pt\/es\/wp-json\/wp\/v2\/media?parent=4964"}],"curies":[{"name":"wp","href":"https:\/\/api.w.org\/{rel}","templated":true}]}}