{"id":5019,"date":"2024-05-27T09:22:47","date_gmt":"2024-05-27T08:22:47","guid":{"rendered":"https:\/\/www.csj.pt\/politica-de-privacidad\/"},"modified":"2025-06-26T16:45:22","modified_gmt":"2025-06-26T15:45:22","slug":"politica-de-privacidad","status":"publish","type":"page","link":"https:\/\/www.csj.pt\/es\/politica-de-privacidad\/","title":{"rendered":"Pol\u00edtica de privacidad"},"content":{"rendered":"\t\t<div data-elementor-type=\"wp-page\" data-elementor-id=\"5019\" class=\"elementor elementor-5019 elementor-3\" data-elementor-post-type=\"page\">\n\t\t\t\t<div class=\"elementor-element elementor-element-5a38da9 e-flex e-con-boxed e-con e-parent\" data-id=\"5a38da9\" data-element_type=\"container\" data-settings=\"{&quot;jet_parallax_layout_list&quot;:[]}\">\n\t\t\t\t\t<div class=\"e-con-inner\">\n\t\t\t\t<div class=\"elementor-element elementor-element-001f8d5 elementor-widget elementor-widget-text-editor\" data-id=\"001f8d5\" data-element_type=\"widget\" data-widget_type=\"text-editor.default\">\n\t\t\t\t<div class=\"elementor-widget-container\">\n\t\t\t\t\t\t\t\t\t<p>La presente pol\u00edtica de privacidad explica c\u00f3mo se recopila y utiliza la informaci\u00f3n personal luego de visitar el sitio web institucional de <strong>Carpintaria S. Jos\u00e9 de Ant\u00f3nio Machado &amp; Filhos, S.A<\/strong>., en lo sucesivo denominado <strong>GRUPO CSJ<\/strong>.<\/p><p><br><\/p>\n<p><b>Pol\u00edtica de privacidad <\/b><br><strong>CSJ Group <\/strong>respeta la privacidad de sus clientes y socios, y los datos personales que usted como titular nos proporciona est\u00e1n protegidos de acuerdo con la legislaci\u00f3n de protecci\u00f3n de datos, en particular el Reglamento General de Protecci\u00f3n de Datos (UE 2016\/679) y la legislaci\u00f3n nacional n.\u00ba 58\/2019. Si el cliente necesita ayuda, debe ponerse en contacto con el equipo de CSJ Group a trav\u00e9s de la direcci\u00f3n de correo electr\u00f3nico <a href=\"mailto:csj@csj.pt\">csj@csj.pt.<\/a><\/p><p><br><\/p>\n<p><\/p>\n<p><b>Tratamiento de datos personales <\/b><br>La empresa CSJ Group es la responsable del tratamiento de los datos personales de los usuarios, clientes y socios.<\/p><p><br><\/p>\n<p><\/p>\n<p><b>Concepto: datos personales<\/b> <br>La Pol\u00edtica de Privacidad del GRUPO CSJ sigue la definici\u00f3n adoptada en el Reglamento General de Protecci\u00f3n de Datos (RGPD), considerando datos personales toda la informaci\u00f3n relativa a una persona f\u00edsica identificable o identificada, entendi\u00e9ndose por identificable una persona f\u00edsica que puede ser identificada, directa o indirectamente, en particular mediante una referencia a un n\u00famero de identificaci\u00f3n o a uno o varios elementos espec\u00edficos de su identidad f\u00edsica, ps\u00edquicos, fisiol\u00f3gicos, econ\u00f3micos, sociales y culturales.<\/p><p><br><\/p>\n<p><\/p>\n<p><b>C\u00f3mo se recopilan los datos personales<\/b><br>Con el fin de analizar la actividad del GRUPO CSJ, la recopilaci\u00f3n y el tratamiento de datos personales se procesa a trav\u00e9s de este sitio web y por correo electr\u00f3nico, en el marco de una relaci\u00f3n contractual o precontractual. Los datos recopilados son s\u00f3lo aquellos considerados fundamentales para la prestaci\u00f3n de nuestros servicios. Estos se recopilan y tratan con el consentimiento del usuario cuando este expresa su voluntad libre, informada, expl\u00edcita y espec\u00edfica. En cualquier momento, el usuario, por decisi\u00f3n propia, puede retirar f\u00e1cilmente su consentimiento para el tratamiento de datos personales. Si el usuario desea retirar su consentimiento, debe solicitarlo al equipo del GRUPO CSJ, por correo electr\u00f3nico: <a href=\"mailto:csj@csj.pt\">csj@csj.pt<\/a><\/p><p><br><\/p>\n<p><\/p>\n<p><b>Datos recopilados<\/b><br>Cuando el usuario visita la plataforma online del GRUPO CSJ, se recopila autom\u00e1ticamente cierta informaci\u00f3n sobre su dispositivo, incluyendo informaci\u00f3n sobre su navegador de Internet, direcci\u00f3n IP, zona horaria y determinadas cookies que est\u00e1n directamente instaladas en su dispositivo. Esta recopilaci\u00f3n se tratar\u00e1 para comprender qu\u00e9 tipo de cliente busca la marca. Cuando el usuario desea utilizar nuestros servicios, se recopila otra informaci\u00f3n con el fin de que el servicio sea viable, eficiente y eficaz. Los datos recopilados por la plataforma son objeto de tratamiento inform\u00e1tico y se almacenan en bases de datos, cumpliendo correcta y estrictamente la legislaci\u00f3n vigente en materia de protecci\u00f3n de datos y normas relacionadas con la seguridad de la informaci\u00f3n. El tratamiento de los datos personales se lleva a cabo de acuerdo con una finalidad o finalidades espec\u00edficas y leg\u00edtimas, consentidas en el momento de la recogida. Estos datos se tratan \u00fanicamente para los fines previstos, salvo para fines de archivo de inter\u00e9s p\u00fablico o de investigaci\u00f3n, en los que no se produce incompatibilidad, de acuerdo con los t\u00e9rminos del RGPD.<\/p><p><br><\/p>\n<p><\/p>\n<p><b>Datos de usuarios menores de edad <\/b><br>No se recopila ning\u00fan tipo de datos de usuarios menores de 18 a\u00f1os.<\/p><p><br><\/p>\n<p><\/p>\n<p><b>Conservaci\u00f3n y almacenamiento de datos <\/b><br>El periodo de tiempo durante el cual se almacenan los datos var\u00eda en funci\u00f3n de la finalidad para la que se tratan, sin embargo, se conservan de acuerdo con la legislaci\u00f3n que obliga a su almacenamiento durante un periodo estipulado. Si no existe un plazo legal de conservaci\u00f3n, los datos solo se almacenar\u00e1n durante el tiempo necesario para la finalidad para la que fueron propuestos, y se tratar\u00e1n de forma adecuada.<\/p><p><br><\/p>\n<p><\/p>\n<p><b>Derechos de los titulares de los datos <\/b><br>De conformidad con el Reglamento General de Protecci\u00f3n de Datos (RGPD), garantizamos los derechos del cliente como titular de los datos facilitados. Por lo tanto, los derechos son:<br>\u2022 Derecho de acceso: El usuario tiene derecho a solicitar informaci\u00f3n sobre el tratamiento de sus datos, es decir, a saber si se est\u00e1n tratando o no y con qu\u00e9 finalidad. De este modo, si el cliente lo desea, puede obtener una copia de sus datos personales en fase de tratamiento, si bien la solicitud de otras copias puede estar sujeta al pago de una tasa significativa en concepto de gastos administrativos. No obstante, si la solicitud de copia se realiza por correo electr\u00f3nico, el env\u00edo se realizar\u00e1 en formato digital a la direcci\u00f3n electr\u00f3nica habitual, salvo que se indique lo contrario.   <br>\u2022 Derecho de rectificaci\u00f3n: El usuario tiene derecho a que, sin demora injustificada, se rectifiquen sus datos personales adjuntos, as\u00ed como a que se complete la informaci\u00f3n que est\u00e9 incompleta.<br>\u2022 Derecho al olvido\/cancelaci\u00f3n: El usuario puede solicitar la eliminaci\u00f3n de sus datos personales de los registros del equipo del GRUPO CSJ.<br>\u2022 Derecho de Oposici\u00f3n: El usuario tiene derecho a oponerse, por motivos relacionados con su situaci\u00f3n particular, a determinadas formas de tratamiento de datos. Por ejemplo, en caso de tratamiento de datos con fines de comercializaci\u00f3n directa, el Equipo de CSJ Group suspender\u00e1 dicho tratamiento con ese fin. <\/p>\n<p><\/p>\n<p><b><br><\/b><\/p><p><b>Seguridad <\/b><br>Con el fin de salvaguardar la seguridad, autenticidad, fiabilidad, confidencialidad e integridad, se han adoptado medidas organizativas y t\u00e9cnicas destinadas a la protecci\u00f3n y seguridad adecuadas, centr\u00e1ndose en evitar riesgos y fugas de datos.<\/p>\n<p><\/p>\n<p><b><br><\/b><\/p><p><b>Comunicaci\u00f3n de datos personales a terceros <\/b><br>Es importante informar al usuario de la posibilidad de subcontratar servicios de terceros para el tratamiento de los datos. En caso de que se produzca la subcontrataci\u00f3n, se tomar\u00e1n las medidas contractuales y adecuadas para que el tratamiento de los datos se realice de acuerdo con las instrucciones, t\u00e9cnicas y medidas organizativas delineadas por el equipo del GRUPO CSJ. <\/p>\n<p><\/p>\n<p><b><br><\/b><\/p><p><b>Transferencias internacionales de datos <\/b><br>Puede ser necesario facilitar los datos del usuario a pa\u00edses u organizaciones internacionales que no forman parte del Espacio Econ\u00f3mico Europeo. En tal caso, se cumplir\u00e1n y aplicar\u00e1n rigurosamente todas las disposiciones legales, sin comunicar los datos a entidades que demuestren fragilidad o violen los datos, en lo que respecta a la protecci\u00f3n de datos de acuerdo con el RGPD. <\/p>\n<p><\/p>\n<p><b><br><\/b><\/p><p><b>Uso de cookies <\/b> <br>El sitio web del GRUPO CSJ utiliza peque\u00f1os archivos de informaci\u00f3n que se almacenan en su dispositivo de acceso a Internet a trav\u00e9s de su navegador. Estos archivos se denominan cookies o testigos de conexi\u00f3n. Estos archivos recopilan y almacenan datos relativos a su navegaci\u00f3n, con el fin de mejorar su experiencia de navegaci\u00f3n, por ejemplo, permitiendo memorizar la informaci\u00f3n introducida por usted, evitando que tenga que volver a introducirla cada vez que acceda a este sitio web. En este sitio web solo se utilizan cookies propias y de sesi\u00f3n que sirven para mejorar las funcionalidades de nuestro sitio web, adapt\u00e1ndolas a sus preferencias de uso y mejorando, por lo tanto, su experiencia de navegaci\u00f3n. Puede desactivar estas cookies en las opciones\/configuraciones de su navegador o realizando cambios en las herramientas de los programas antivirus. Sin embargo, tenga en cuenta que esto puede afectar a la forma en que interact\u00faa con nuestro sitio web y, en algunos casos, puede impedir el inicio de sesi\u00f3n en determinados programas, sitios web o foros de nuestra red y de otras redes.     <\/p>\n<p><\/p>\n<p><b><br><\/b><\/p><p><b>Contacto<br><\/b>Para mas informaci\u00f3n o consultas por favor cont\u00e1ctenos:<br>CSJ Group<br>Riba de Ave &#8211; PORTUGAL<br>+ 351 252 875 300 (red fija nacional)<br><a href=\"mailto:csj@csj.pt\">csj@csj.pt<\/a><\/p>\t\t\t\t\t\t\t\t<\/div>\n\t\t\t\t<\/div>\n\t\t\t\t\t<\/div>\n\t\t\t\t<\/div>\n\t\t\t\t<\/div>\n\t\t","protected":false},"excerpt":{"rendered":"<p>La presente pol\u00edtica de privacidad explica c\u00f3mo se recopila y utiliza la informaci\u00f3n personal luego de visitar el sitio web institucional de Carpintaria S. Jos\u00e9 de Ant\u00f3nio Machado &amp; Filhos, S.A., en lo sucesivo denominado GRUPO CSJ. Pol\u00edtica de privacidad CSJ Group respeta la privacidad de sus clientes y socios, y los datos personales que [&hellip;]<\/p>\n","protected":false},"author":1,"featured_media":5020,"parent":0,"menu_order":0,"comment_status":"closed","ping_status":"open","template":"","meta":{"inline_featured_image":false,"footnotes":""},"class_list":["post-5019","page","type-page","status-publish","has-post-thumbnail","hentry"],"_links":{"self":[{"href":"https:\/\/www.csj.pt\/es\/wp-json\/wp\/v2\/pages\/5019","targetHints":{"allow":["GET"]}}],"collection":[{"href":"https:\/\/www.csj.pt\/es\/wp-json\/wp\/v2\/pages"}],"about":[{"href":"https:\/\/www.csj.pt\/es\/wp-json\/wp\/v2\/types\/page"}],"author":[{"embeddable":true,"href":"https:\/\/www.csj.pt\/es\/wp-json\/wp\/v2\/users\/1"}],"replies":[{"embeddable":true,"href":"https:\/\/www.csj.pt\/es\/wp-json\/wp\/v2\/comments?post=5019"}],"version-history":[{"count":1,"href":"https:\/\/www.csj.pt\/es\/wp-json\/wp\/v2\/pages\/5019\/revisions"}],"predecessor-version":[{"id":5022,"href":"https:\/\/www.csj.pt\/es\/wp-json\/wp\/v2\/pages\/5019\/revisions\/5022"}],"wp:featuredmedia":[{"embeddable":true,"href":"https:\/\/www.csj.pt\/es\/wp-json\/wp\/v2\/media\/5020"}],"wp:attachment":[{"href":"https:\/\/www.csj.pt\/es\/wp-json\/wp\/v2\/media?parent=5019"}],"curies":[{"name":"wp","href":"https:\/\/api.w.org\/{rel}","templated":true}]}}